{"id":20011,"date":"2024-08-19T13:19:35","date_gmt":"2024-08-19T11:19:35","guid":{"rendered":"https:\/\/unahonu.baltaci.cz\/hotelova-kniha\/"},"modified":"2024-11-27T15:30:20","modified_gmt":"2024-11-27T14:30:20","slug":"hotel-book","status":"publish","type":"page","link":"https:\/\/unahonu.baltaci.cz\/en\/hotel-book\/","title":{"rendered":"HOTEL BOOK"},"content":{"rendered":"","protected":false},"excerpt":{"rendered":"","protected":false},"author":3,"featured_media":0,"parent":0,"menu_order":0,"comment_status":"closed","ping_status":"closed","template":"template-content.php","meta":[],"yoast_head":"<!-- This site is optimized with the Yoast SEO plugin v17.0 - https:\/\/yoast.com\/wordpress\/plugins\/seo\/ -->\n<meta name=\"robots\" content=\"index, follow, max-snippet:-1, max-image-preview:large, max-video-preview:-1\" \/>\n<link rel=\"canonical\" href=\"https:\/\/unahonu.baltaci.cz\/en\/hotel-book\/\" \/>\n<meta property=\"og:locale\" content=\"en_US\" \/>\n<meta property=\"og:type\" content=\"article\" \/>\n<meta property=\"og:title\" content=\"HOTEL BOOK - Hotel Baltaci U N\u00e1honu\" \/>\n<meta property=\"og:url\" content=\"https:\/\/unahonu.baltaci.cz\/en\/hotel-book\/\" \/>\n<meta property=\"og:site_name\" content=\"Hotel Baltaci U N\u00e1honu\" \/>\n<meta property=\"article:modified_time\" content=\"2024-11-27T14:30:20+00:00\" \/>\n<meta name=\"twitter:card\" content=\"summary_large_image\" \/>\n<script type=\"application\/ld+json\" class=\"yoast-schema-graph\">{\"@context\":\"https:\/\/schema.org\",\"@graph\":[{\"@type\":\"WebSite\",\"@id\":\"https:\/\/unahonu.baltaci.cz\/#website\",\"url\":\"https:\/\/unahonu.baltaci.cz\/\",\"name\":\"Hotel Baltaci U N\\u00e1honu\",\"description\":\"Dal\\u0161\\u00ed web pou\\u017e\\u00edvaj\\u00edc\\u00ed WordPress\",\"potentialAction\":[{\"@type\":\"SearchAction\",\"target\":{\"@type\":\"EntryPoint\",\"urlTemplate\":\"https:\/\/unahonu.baltaci.cz\/?s={search_term_string}\"},\"query-input\":\"required name=search_term_string\"}],\"inLanguage\":\"en-US\"},{\"@type\":\"WebPage\",\"@id\":\"https:\/\/unahonu.baltaci.cz\/en\/hotel-book\/#webpage\",\"url\":\"https:\/\/unahonu.baltaci.cz\/en\/hotel-book\/\",\"name\":\"HOTEL BOOK - Hotel Baltaci U N\\u00e1honu\",\"isPartOf\":{\"@id\":\"https:\/\/unahonu.baltaci.cz\/#website\"},\"datePublished\":\"2024-08-19T11:19:35+00:00\",\"dateModified\":\"2024-11-27T14:30:20+00:00\",\"breadcrumb\":{\"@id\":\"https:\/\/unahonu.baltaci.cz\/en\/hotel-book\/#breadcrumb\"},\"inLanguage\":\"en-US\",\"potentialAction\":[{\"@type\":\"ReadAction\",\"target\":[\"https:\/\/unahonu.baltaci.cz\/en\/hotel-book\/\"]}]},{\"@type\":\"BreadcrumbList\",\"@id\":\"https:\/\/unahonu.baltaci.cz\/en\/hotel-book\/#breadcrumb\",\"itemListElement\":[{\"@type\":\"ListItem\",\"position\":1,\"name\":\"Dom\\u016f\",\"item\":\"https:\/\/unahonu.baltaci.cz\/en\/\"},{\"@type\":\"ListItem\",\"position\":2,\"name\":\"HOTEL BOOK\"}]}]}<\/script>\n<!-- \/ Yoast SEO plugin. -->","yoast_head_json":{"robots":{"index":"index","follow":"follow","max-snippet":"max-snippet:-1","max-image-preview":"max-image-preview:large","max-video-preview":"max-video-preview:-1"},"canonical":"https:\/\/unahonu.baltaci.cz\/en\/hotel-book\/","og_locale":"en_US","og_type":"article","og_title":"HOTEL BOOK - Hotel Baltaci U N\u00e1honu","og_url":"https:\/\/unahonu.baltaci.cz\/en\/hotel-book\/","og_site_name":"Hotel Baltaci U N\u00e1honu","article_modified_time":"2024-11-27T14:30:20+00:00","twitter_card":"summary_large_image","schema":{"@context":"https:\/\/schema.org","@graph":[{"@type":"WebSite","@id":"https:\/\/unahonu.baltaci.cz\/#website","url":"https:\/\/unahonu.baltaci.cz\/","name":"Hotel Baltaci U N\u00e1honu","description":"Dal\u0161\u00ed web pou\u017e\u00edvaj\u00edc\u00ed WordPress","potentialAction":[{"@type":"SearchAction","target":{"@type":"EntryPoint","urlTemplate":"https:\/\/unahonu.baltaci.cz\/?s={search_term_string}"},"query-input":"required name=search_term_string"}],"inLanguage":"en-US"},{"@type":"WebPage","@id":"https:\/\/unahonu.baltaci.cz\/en\/hotel-book\/#webpage","url":"https:\/\/unahonu.baltaci.cz\/en\/hotel-book\/","name":"HOTEL BOOK - Hotel Baltaci U N\u00e1honu","isPartOf":{"@id":"https:\/\/unahonu.baltaci.cz\/#website"},"datePublished":"2024-08-19T11:19:35+00:00","dateModified":"2024-11-27T14:30:20+00:00","breadcrumb":{"@id":"https:\/\/unahonu.baltaci.cz\/en\/hotel-book\/#breadcrumb"},"inLanguage":"en-US","potentialAction":[{"@type":"ReadAction","target":["https:\/\/unahonu.baltaci.cz\/en\/hotel-book\/"]}]},{"@type":"BreadcrumbList","@id":"https:\/\/unahonu.baltaci.cz\/en\/hotel-book\/#breadcrumb","itemListElement":[{"@type":"ListItem","position":1,"name":"Dom\u016f","item":"https:\/\/unahonu.baltaci.cz\/en\/"},{"@type":"ListItem","position":2,"name":"HOTEL BOOK"}]}]}},"_links":{"self":[{"href":"https:\/\/unahonu.baltaci.cz\/en\/wp-json\/wp\/v2\/pages\/20011"}],"collection":[{"href":"https:\/\/unahonu.baltaci.cz\/en\/wp-json\/wp\/v2\/pages"}],"about":[{"href":"https:\/\/unahonu.baltaci.cz\/en\/wp-json\/wp\/v2\/types\/page"}],"author":[{"embeddable":true,"href":"https:\/\/unahonu.baltaci.cz\/en\/wp-json\/wp\/v2\/users\/3"}],"replies":[{"embeddable":true,"href":"https:\/\/unahonu.baltaci.cz\/en\/wp-json\/wp\/v2\/comments?post=20011"}],"version-history":[{"count":3,"href":"https:\/\/unahonu.baltaci.cz\/en\/wp-json\/wp\/v2\/pages\/20011\/revisions"}],"predecessor-version":[{"id":20154,"href":"https:\/\/unahonu.baltaci.cz\/en\/wp-json\/wp\/v2\/pages\/20011\/revisions\/20154"}],"wp:attachment":[{"href":"https:\/\/unahonu.baltaci.cz\/en\/wp-json\/wp\/v2\/media?parent=20011"}],"curies":[{"name":"wp","href":"https:\/\/api.w.org\/{rel}","templated":true}]}}